{"id":880,"date":"2023-03-15T13:25:53","date_gmt":"2023-03-15T13:25:53","guid":{"rendered":"https:\/\/nerdzilla.com.br\/?page_id=880"},"modified":"2026-01-28T06:41:08","modified_gmt":"2026-01-28T06:41:08","slug":"%e0%a6%86%e0%a6%ae%e0%a6%be%e0%a6%a6%e0%a7%87%e0%a6%b0-%e0%a6%b8%e0%a6%ae%e0%a7%8d%e0%a6%aa%e0%a6%b0%e0%a7%8d%e0%a6%95%e0%a7%87","status":"publish","type":"page","link":"https:\/\/nerdzilla.com.br\/bn\/%e0%a6%86%e0%a6%ae%e0%a6%be%e0%a6%a6%e0%a7%87%e0%a6%b0-%e0%a6%b8%e0%a6%ae%e0%a7%8d%e0%a6%aa%e0%a6%b0%e0%a7%8d%e0%a6%95%e0%a7%87\/","title":{"rendered":"\u0986\u09ae\u09b0\u09be \u0995\u09be\u09b0\u09be"},"content":{"rendered":"<p>Nerdzilla \u09b9\u09b2 \u098f\u0995\u099f\u09bf \u09a4\u09a5\u09cd\u09af\u09ac\u09b9\u09c1\u09b2 \u0995\u09a8\u09cd\u099f\u09c7\u09a8\u09cd\u099f \u0993\u09af\u09bc\u09c7\u09ac\u09b8\u09be\u0987\u099f \u09af\u09be \u09a1\u09bf\u099c\u09bf\u099f\u09be\u09b2 \u0985\u09cd\u09af\u09be\u09aa\u09cd\u09b2\u09bf\u0995\u09c7\u09b6\u09a8 \u098f\u09ac\u0982 \u09b8\u09b0\u099e\u09cd\u099c\u09be\u09ae\u0997\u09c1\u09b2\u09bf\u09b0 \u099c\u09a8\u09cd\u09af \u09a8\u09bf\u09b0\u09cd\u09a6\u09c7\u09b6\u09bf\u0995\u09be, \u09aa\u09b0\u09cd\u09af\u09be\u09b2\u09cb\u099a\u09a8\u09be \u098f\u09ac\u0982 \u09b8\u09c1\u09aa\u09be\u09b0\u09bf\u09b6 \u09a4\u09c8\u09b0\u09bf\u09b0 \u099c\u09a8\u09cd\u09af \u09a8\u09bf\u09ac\u09c7\u09a6\u09bf\u09a4\u0964 \u0986\u09ae\u09be\u09a6\u09c7\u09b0 \u09b2\u0995\u09cd\u09b7\u09cd\u09af \u09b9\u09b2 \u09ac\u09cd\u09af\u09ac\u09b9\u09be\u09b0\u0995\u09be\u09b0\u09c0\u09a6\u09c7\u09b0 \u09a4\u09be\u09a6\u09c7\u09b0 \u09a6\u09c8\u09a8\u09a8\u09cd\u09a6\u09bf\u09a8 \u09aa\u09cd\u09b0\u09af\u09c1\u0995\u09cd\u09a4\u09bf \u09ac\u09cd\u09af\u09ac\u09b9\u09be\u09b0 \u09b8\u09ae\u09cd\u09aa\u09b0\u09cd\u0995\u09c7 \u0986\u09b0\u0993 \u09b8\u099a\u09c7\u09a4\u09a8 \u09b8\u09bf\u09a6\u09cd\u09a7\u09be\u09a8\u09cd\u09a4 \u09a8\u09bf\u09a4\u09c7 \u09b8\u09b9\u09be\u09af\u09bc\u09a4\u09be \u0995\u09b0\u09be\u0964<\/p>\n\n\n\n<p>Nerdzilla-\u09a4\u09c7 \u09aa\u09cd\u09b0\u0995\u09be\u09b6\u09bf\u09a4 \u09ac\u09bf\u09b7\u09af\u09bc\u09ac\u09b8\u09cd\u09a4\u09c1 \u09b8\u09ae\u09cd\u09aa\u09be\u09a6\u0995\u09c0\u09af\u09bc, \u09b6\u09bf\u0995\u09cd\u09b7\u09be\u09ae\u09c2\u09b2\u0995 \u098f\u09ac\u0982 \u09a4\u09a5\u09cd\u09af\u09ac\u09b9\u09c1\u09b2 \u09a6\u09c3\u09b7\u09cd\u099f\u09bf\u09ad\u0999\u09cd\u0997\u09bf \u09a8\u09bf\u09af\u09bc\u09c7 \u09a4\u09c8\u09b0\u09bf \u0995\u09b0\u09be \u09b9\u09af\u09bc\u09c7\u099b\u09c7, \u09b8\u09b0\u09cd\u09ac\u09a6\u09be \u09b8\u09cd\u09aa\u09b7\u09cd\u099f\u09a4\u09be, \u0989\u09aa\u09af\u09cb\u0997\u09bf\u09a4\u09be \u098f\u09ac\u0982 \u0995\u09cd\u09b0\u09ae\u09be\u0997\u09a4 \u0986\u09aa\u09a1\u09c7\u099f\u09c7\u09b0 \u099c\u09a8\u09cd\u09af \u09aa\u09cd\u09b0\u099a\u09c7\u09b7\u09cd\u099f\u09be \u0995\u09b0\u09c7\u0964<\/p>\n\n\n\n<p>\u09b8\u09be\u0987\u099f\u099f\u09bf \u098f\u0995\u099f\u09bf \u09b8\u09cd\u09ac\u09be\u09a7\u09c0\u09a8 \u09b8\u09ae\u09cd\u09aa\u09be\u09a6\u0995\u09c0\u09af\u09bc \u09a6\u09b2 \u09a6\u09cd\u09ac\u09be\u09b0\u09be \u09b0\u0995\u09cd\u09b7\u09a3\u09be\u09ac\u09c7\u0995\u09cd\u09b7\u09a3 \u0995\u09b0\u09be \u09b9\u09af\u09bc, \u09af\u09be\u09b0\u09be \u09aa\u09cd\u09b0\u0995\u09be\u09b6\u09bf\u09a4 \u09ac\u09bf\u09b7\u09af\u09bc\u09ac\u09b8\u09cd\u09a4\u09c1 \u0997\u09ac\u09c7\u09b7\u09a3\u09be, \u0989\u09ce\u09aa\u09be\u09a6\u09a8 \u098f\u09ac\u0982 \u09aa\u09b0\u09cd\u09af\u09be\u09b2\u09cb\u099a\u09a8\u09be\u09b0 \u099c\u09a8\u09cd\u09af \u09a6\u09be\u09af\u09bc\u09c0\u0964<\/p>","protected":false},"excerpt":{"rendered":"<p>O Nerdzilla \u00e9 um site de conte\u00fado informativo dedicado \u00e0 produ\u00e7\u00e3o de guias, an\u00e1lises e recomenda\u00e7\u00f5es de aplicativos e ferramentas digitais. Nosso objetivo \u00e9 ajudar usu\u00e1rios a tomar decis\u00f5es mais conscientes sobre o uso da tecnologia no dia a dia. O conte\u00fado publicado no Nerdzilla \u00e9 desenvolvido com foco editorial, educacional e informativo, buscando sempre [&hellip;]<\/p>","protected":false},"author":3,"featured_media":0,"parent":0,"menu_order":0,"comment_status":"closed","ping_status":"closed","template":"","meta":{"footnotes":""},"class_list":["post-880","page","type-page","status-publish"],"_links":{"self":[{"href":"https:\/\/nerdzilla.com.br\/bn\/wp-json\/wp\/v2\/pages\/880","targetHints":{"allow":["GET"]}}],"collection":[{"href":"https:\/\/nerdzilla.com.br\/bn\/wp-json\/wp\/v2\/pages"}],"about":[{"href":"https:\/\/nerdzilla.com.br\/bn\/wp-json\/wp\/v2\/types\/page"}],"author":[{"embeddable":true,"href":"https:\/\/nerdzilla.com.br\/bn\/wp-json\/wp\/v2\/users\/3"}],"replies":[{"embeddable":true,"href":"https:\/\/nerdzilla.com.br\/bn\/wp-json\/wp\/v2\/comments?post=880"}],"version-history":[{"count":2,"href":"https:\/\/nerdzilla.com.br\/bn\/wp-json\/wp\/v2\/pages\/880\/revisions"}],"predecessor-version":[{"id":5561,"href":"https:\/\/nerdzilla.com.br\/bn\/wp-json\/wp\/v2\/pages\/880\/revisions\/5561"}],"wp:attachment":[{"href":"https:\/\/nerdzilla.com.br\/bn\/wp-json\/wp\/v2\/media?parent=880"}],"curies":[{"name":"wp","href":"https:\/\/api.w.org\/{rel}","templated":true}]}}