{"id":880,"date":"2023-03-15T13:25:53","date_gmt":"2023-03-15T13:25:53","guid":{"rendered":"https:\/\/nerdzilla.com.br\/?page_id=880"},"modified":"2026-01-28T06:41:08","modified_gmt":"2026-01-28T06:41:08","slug":"%d9%85%d8%b9%d9%84%d9%88%d9%85%d8%a7%d8%aa-%d8%b9%d9%86%d8%a7","status":"publish","type":"page","link":"https:\/\/nerdzilla.com.br\/ar\/%d9%85%d8%b9%d9%84%d9%88%d9%85%d8%a7%d8%aa-%d8%b9%d9%86%d8%a7\/","title":{"rendered":"\u0645\u0646 \u0646\u062d\u0646"},"content":{"rendered":"<p>\u0646\u064a\u0631\u062f\u0632\u064a\u0644\u0627 \u0645\u0648\u0642\u0639 \u0625\u0644\u0643\u062a\u0631\u0648\u0646\u064a \u064a\u0642\u062f\u0645 \u0645\u062d\u062a\u0648\u0649 \u0645\u0639\u0644\u0648\u0645\u0627\u062a\u064a\u064b\u0627\u060c \u0648\u064a\u062e\u062a\u0635 \u0628\u0625\u0646\u062a\u0627\u062c \u0623\u062f\u0644\u0629 \u0648\u0645\u0631\u0627\u062c\u0639\u0627\u062a \u0648\u062a\u0648\u0635\u064a\u0627\u062a \u0644\u0644\u062a\u0637\u0628\u064a\u0642\u0627\u062a \u0648\u0627\u0644\u0623\u062f\u0648\u0627\u062a \u0627\u0644\u0631\u0642\u0645\u064a\u0629. \u0647\u062f\u0641\u0646\u0627 \u0647\u0648 \u0645\u0633\u0627\u0639\u062f\u0629 \u0627\u0644\u0645\u0633\u062a\u062e\u062f\u0645\u064a\u0646 \u0639\u0644\u0649 \u0627\u062a\u062e\u0627\u0630 \u0642\u0631\u0627\u0631\u0627\u062a \u0645\u062f\u0631\u0648\u0633\u0629 \u0628\u0634\u0623\u0646 \u0627\u0633\u062a\u062e\u062f\u0627\u0645\u0647\u0645 \u0627\u0644\u064a\u0648\u0645\u064a \u0644\u0644\u062a\u0643\u0646\u0648\u0644\u0648\u062c\u064a\u0627.<\/p>\n\n\n\n<p>\u064a\u062a\u0645 \u062a\u0637\u0648\u064a\u0631 \u0627\u0644\u0645\u062d\u062a\u0648\u0649 \u0627\u0644\u0645\u0646\u0634\u0648\u0631 \u0639\u0644\u0649 \u0645\u0648\u0642\u0639 Nerdzilla \u0645\u0639 \u0627\u0644\u062a\u0631\u0643\u064a\u0632 \u0639\u0644\u0649 \u0627\u0644\u062c\u0648\u0627\u0646\u0628 \u0627\u0644\u062a\u062d\u0631\u064a\u0631\u064a\u0629 \u0648\u0627\u0644\u062a\u0639\u0644\u064a\u0645\u064a\u0629 \u0648\u0627\u0644\u0625\u0639\u0644\u0627\u0645\u064a\u0629\u060c \u0648\u064a\u0633\u0639\u0649 \u062f\u0627\u0626\u0645\u0627\u064b \u0625\u0644\u0649 \u0627\u0644\u0648\u0636\u0648\u062d \u0648\u0627\u0644\u0641\u0627\u0626\u062f\u0629 \u0648\u0627\u0644\u062a\u062d\u062f\u064a\u062b \u0627\u0644\u0645\u0633\u062a\u0645\u0631.<\/p>\n\n\n\n<p>\u064a\u062a\u0645 \u0635\u064a\u0627\u0646\u0629 \u0627\u0644\u0645\u0648\u0642\u0639 \u0628\u0648\u0627\u0633\u0637\u0629 \u0641\u0631\u064a\u0642 \u062a\u062d\u0631\u064a\u0631 \u0645\u0633\u062a\u0642\u0644\u060c \u0645\u0633\u0624\u0648\u0644 \u0639\u0646 \u0627\u0644\u0628\u062d\u062b \u0648\u0627\u0644\u0625\u0646\u062a\u0627\u062c \u0648\u0645\u0631\u0627\u062c\u0639\u0629 \u0627\u0644\u0645\u062d\u062a\u0648\u0649 \u0627\u0644\u0645\u0646\u0634\u0648\u0631.<\/p>","protected":false},"excerpt":{"rendered":"<p>O Nerdzilla \u00e9 um site de conte\u00fado informativo dedicado \u00e0 produ\u00e7\u00e3o de guias, an\u00e1lises e recomenda\u00e7\u00f5es de aplicativos e ferramentas digitais. Nosso objetivo \u00e9 ajudar usu\u00e1rios a tomar decis\u00f5es mais conscientes sobre o uso da tecnologia no dia a dia. O conte\u00fado publicado no Nerdzilla \u00e9 desenvolvido com foco editorial, educacional e informativo, buscando sempre [&hellip;]<\/p>","protected":false},"author":3,"featured_media":0,"parent":0,"menu_order":0,"comment_status":"closed","ping_status":"closed","template":"","meta":{"footnotes":""},"class_list":["post-880","page","type-page","status-publish"],"_links":{"self":[{"href":"https:\/\/nerdzilla.com.br\/ar\/wp-json\/wp\/v2\/pages\/880","targetHints":{"allow":["GET"]}}],"collection":[{"href":"https:\/\/nerdzilla.com.br\/ar\/wp-json\/wp\/v2\/pages"}],"about":[{"href":"https:\/\/nerdzilla.com.br\/ar\/wp-json\/wp\/v2\/types\/page"}],"author":[{"embeddable":true,"href":"https:\/\/nerdzilla.com.br\/ar\/wp-json\/wp\/v2\/users\/3"}],"replies":[{"embeddable":true,"href":"https:\/\/nerdzilla.com.br\/ar\/wp-json\/wp\/v2\/comments?post=880"}],"version-history":[{"count":2,"href":"https:\/\/nerdzilla.com.br\/ar\/wp-json\/wp\/v2\/pages\/880\/revisions"}],"predecessor-version":[{"id":5561,"href":"https:\/\/nerdzilla.com.br\/ar\/wp-json\/wp\/v2\/pages\/880\/revisions\/5561"}],"wp:attachment":[{"href":"https:\/\/nerdzilla.com.br\/ar\/wp-json\/wp\/v2\/media?parent=880"}],"curies":[{"name":"wp","href":"https:\/\/api.w.org\/{rel}","templated":true}]}}