{"id":4654,"date":"2025-05-17T21:25:46","date_gmt":"2025-05-17T21:25:46","guid":{"rendered":"https:\/\/nerdzilla.com.br\/contato\/"},"modified":"2026-01-28T06:29:54","modified_gmt":"2026-01-28T06:29:54","slug":"%d8%a7%d8%aa%d8%b5%d8%a7%d9%84","status":"publish","type":"page","link":"https:\/\/nerdzilla.com.br\/ar\/%d8%a7%d8%aa%d8%b5%d8%a7%d9%84\/","title":{"rendered":"\u0627\u062a\u0635\u0627\u0644"},"content":{"rendered":"<p>\u064a\u0648\u0644\u064a \u0645\u0648\u0642\u0639 Nerdzilla \u0623\u0647\u0645\u064a\u0629 \u0643\u0628\u064a\u0631\u0629 \u0644\u0644\u062a\u0648\u0627\u0635\u0644 \u0645\u0639 \u0642\u0631\u0627\u0626\u0647.<\/p>\n\n\n\n<p>\u0625\u0630\u0627 \u0643\u0627\u0646\u062a \u0644\u062f\u064a\u0643\u0645 \u0623\u064a \u0623\u0633\u0626\u0644\u0629 \u0623\u0648 \u0627\u0642\u062a\u0631\u0627\u062d\u0627\u062a \u0623\u0648 \u062a\u0635\u062d\u064a\u062d\u0627\u062a\u060c \u0623\u0648 \u062a\u0631\u063a\u0628\u0648\u0646 \u0641\u064a \u0627\u0644\u0627\u062a\u0635\u0627\u0644 \u0628\u0646\u0627 \u0628\u062e\u0635\u0648\u0635 \u0627\u0644\u0645\u062d\u062a\u0648\u0649 \u0627\u0644\u0645\u0646\u0634\u0648\u0631 \u0639\u0644\u0649 \u0627\u0644\u0645\u0648\u0642\u0639\u060c \u0641\u064a\u0631\u062c\u0649 \u0627\u0633\u062a\u062e\u062f\u0627\u0645 \u0625\u062d\u062f\u0649 \u0627\u0644\u0642\u0646\u0648\u0627\u062a \u0623\u062f\u0646\u0627\u0647.<\/p>\n\n\n\n<p>\u0646\u0633\u062a\u062c\u064a\u0628 \u0643\u0644\u0645\u0627 \u0623\u0645\u0643\u0646 \u0630\u0644\u0643 \u0648\u0646\u0639\u0637\u064a \u0627\u0644\u0623\u0648\u0644\u0648\u064a\u0629 \u0644\u0644\u0631\u0633\u0627\u0626\u0644 \u0627\u0644\u0645\u062a\u0639\u0644\u0642\u0629 \u0628\u0627\u0644\u0645\u062d\u062a\u0648\u0649 \u0627\u0644\u062a\u062d\u0631\u064a\u0631\u064a.<\/p>\n\n\n\n<p>\u0627\u0644\u0628\u0631\u064a\u062f \u0627\u0644\u0625\u0644\u0643\u062a\u0631\u0648\u0646\u064a: contato@nerdzilla.com.br<\/p>\n\n\n<style id=\"wpforms-css-vars-1635-block-2d80c691-9f8a-40cd-8cbe-13aadfd56083\">\n\t\t\t\t#wpforms-1635.wpforms-block-2d80c691-9f8a-40cd-8cbe-13aadfd56083 {\n\t\t\t\t--wpforms-field-size-input-height: 43px;\n--wpforms-field-size-input-spacing: 15px;\n--wpforms-field-size-font-size: 16px;\n--wpforms-field-size-line-height: 19px;\n--wpforms-field-size-padding-h: 14px;\n--wpforms-field-size-checkbox-size: 16px;\n--wpforms-field-size-sublabel-spacing: 5px;\n--wpforms-field-size-icon-size: 1;\n--wpforms-label-size-font-size: 16px;\n--wpforms-label-size-line-height: 19px;\n--wpforms-label-size-sublabel-font-size: 14px;\n--wpforms-label-size-sublabel-line-height: 17px;\n--wpforms-button-size-font-size: 17px;\n--wpforms-button-size-height: 41px;\n--wpforms-button-size-padding-h: 15px;\n--wpforms-button-size-margin-top: 10px;\n\t\t\t}\n\t\t\t<\/style><div class=\"wpforms-container wpforms-container-full wpforms-block wpforms-block-2d80c691-9f8a-40cd-8cbe-13aadfd56083 wpforms-render-modern\" id=\"wpforms-1635\"><form id=\"wpforms-form-1635\" class=\"wpforms-validate wpforms-form wpforms-ajax-form\" data-formid=\"1635\" method=\"post\" enctype=\"multipart\/form-data\" action=\"\/ar\/wp-json\/wp\/v2\/pages\/4654\" data-token=\"d0db07de4a854fa7e8bdd8089e94e4bf\" data-token-time=\"1776616781\" data-trp-original-action=\"\/ar\/wp-json\/wp\/v2\/pages\/4654\"><noscript class=\"wpforms-error-noscript\">Please enable JavaScript in your browser to complete this form.<\/noscript><div id=\"wpforms-error-noscript\" style=\"display: none;\">Please enable JavaScript in your browser to complete this form.<\/div><div class=\"wpforms-field-container\"><div id=\"wpforms-1635-field_0-container\" class=\"wpforms-field wpforms-field-name\" data-field-id=\"0\"><fieldset><legend class=\"wpforms-field-label\">\u0627\u0633\u0645 <span class=\"wpforms-required-label\" aria-hidden=\"true\">*<\/span><\/legend><div class=\"wpforms-field-row wpforms-field-medium\"><div class=\"wpforms-field-row-block wpforms-first wpforms-one-half\"><input type=\"text\" id=\"wpforms-1635-field_0\" class=\"wpforms-field-name-first wpforms-field-required\" name=\"wpforms[fields][0][first]\" aria-errormessage=\"wpforms-1635-field_0-error\" required><label for=\"wpforms-1635-field_0\" class=\"wpforms-field-sublabel after\">First<\/label><\/div><div class=\"wpforms-field-row-block wpforms-one-half\"><input type=\"text\" id=\"wpforms-1635-field_0-last\" class=\"wpforms-field-name-last wpforms-field-required\" name=\"wpforms[fields][0][last]\" aria-errormessage=\"wpforms-1635-field_0-last-error\" required><label for=\"wpforms-1635-field_0-last\" class=\"wpforms-field-sublabel after\">Last<\/label><\/div><\/div><\/fieldset><\/div><div id=\"wpforms-1635-field_1-container\" class=\"wpforms-field wpforms-field-email\" data-field-id=\"1\"><label class=\"wpforms-field-label\" for=\"wpforms-1635-field_1\">\u0628\u0631\u064a\u062f \u0625\u0644\u0643\u062a\u0631\u0648\u0646\u064a <span class=\"wpforms-required-label\" aria-hidden=\"true\">*<\/span><\/label><input type=\"email\" id=\"wpforms-1635-field_1\" class=\"wpforms-field-medium wpforms-field-required\" name=\"wpforms[fields][1]\" spellcheck=\"false\" aria-errormessage=\"wpforms-1635-field_1-error\" required><\/div><div id=\"wpforms-1635-field_2-container\" class=\"wpforms-field wpforms-field-textarea\" data-field-id=\"2\"><label class=\"wpforms-field-label\" for=\"wpforms-1635-field_2\">\u062a\u0639\u0644\u064a\u0642 \u0623\u0648 \u0631\u0633\u0627\u0644\u0629<\/label><textarea id=\"wpforms-1635-field_2\" class=\"wpforms-field-medium\" name=\"wpforms[fields][2]\" aria-errormessage=\"wpforms-1635-field_2-error\" ><\/textarea><\/div><\/div><!-- .wpforms-field-container --><div class=\"wpforms-submit-container\" ><input type=\"hidden\" name=\"wpforms[id]\" value=\"1635\"><input type=\"hidden\" name=\"page_title\" value=\"\"><input type=\"hidden\" name=\"page_url\" value=\"https:\/\/nerdzilla.com.br\/ar\/wp-json\/wp\/v2\/pages\/4654\"><input type=\"hidden\" name=\"url_referer\" value=\"\"><button type=\"submit\" name=\"wpforms[submit]\" id=\"wpforms-submit-1635\" class=\"wpforms-submit\" data-alt-text=\"Enviando\u2026\" data-submit-text=\"Enviar\" aria-live=\"assertive\" value=\"wpforms-submit\">\u0644\u062a\u0631\u0633\u0644<\/button><img loading=\"lazy\" decoding=\"async\" src=\"https:\/\/nerdzilla.com.br\/wp-content\/plugins\/wpforms-lite\/assets\/images\/submit-spin.svg\" class=\"wpforms-submit-spinner\" style=\"display: none;\" width=\"26\" height=\"26\" alt=\"Loading\"><\/div><input type=\"hidden\" name=\"trp-form-language\" value=\"ar\"\/><\/form><\/div>  <!-- .wpforms-container -->\n\n\n<p>\u062a\u064f\u0633\u062a\u062e\u062f\u0645 \u0627\u0644\u0645\u0639\u0644\u0648\u0645\u0627\u062a \u0627\u0644\u062a\u064a \u062a\u0642\u062f\u0645\u0647\u0627 \u062d\u0635\u0631\u0627\u064b \u0644\u0644\u0631\u062f \u0639\u0644\u0649 \u0627\u0633\u062a\u0641\u0633\u0627\u0631\u0643.<\/p>","protected":false},"excerpt":{"rendered":"<p>O Nerdzilla valoriza a comunica\u00e7\u00e3o com seus leitores. Caso voc\u00ea tenha d\u00favidas, sugest\u00f5es, corre\u00e7\u00f5es ou queira entrar em contato sobre o conte\u00fado publicado no site, utilize um dos canais abaixo. Respondemos sempre que poss\u00edvel e priorizamos mensagens relacionadas ao conte\u00fado editorial. E-mail: contato@nerdzilla.com.br As informa\u00e7\u00f5es enviadas s\u00e3o utilizadas exclusivamente para responder ao contato.<\/p>","protected":false},"author":3,"featured_media":0,"parent":0,"menu_order":0,"comment_status":"closed","ping_status":"closed","template":"","meta":{"footnotes":""},"class_list":["post-4654","page","type-page","status-publish"],"_links":{"self":[{"href":"https:\/\/nerdzilla.com.br\/ar\/wp-json\/wp\/v2\/pages\/4654","targetHints":{"allow":["GET"]}}],"collection":[{"href":"https:\/\/nerdzilla.com.br\/ar\/wp-json\/wp\/v2\/pages"}],"about":[{"href":"https:\/\/nerdzilla.com.br\/ar\/wp-json\/wp\/v2\/types\/page"}],"author":[{"embeddable":true,"href":"https:\/\/nerdzilla.com.br\/ar\/wp-json\/wp\/v2\/users\/3"}],"replies":[{"embeddable":true,"href":"https:\/\/nerdzilla.com.br\/ar\/wp-json\/wp\/v2\/comments?post=4654"}],"version-history":[{"count":2,"href":"https:\/\/nerdzilla.com.br\/ar\/wp-json\/wp\/v2\/pages\/4654\/revisions"}],"predecessor-version":[{"id":5551,"href":"https:\/\/nerdzilla.com.br\/ar\/wp-json\/wp\/v2\/pages\/4654\/revisions\/5551"}],"wp:attachment":[{"href":"https:\/\/nerdzilla.com.br\/ar\/wp-json\/wp\/v2\/media?parent=4654"}],"curies":[{"name":"wp","href":"https:\/\/api.w.org\/{rel}","templated":true}]}}